{"id":68,"date":"2024-11-24T10:41:34","date_gmt":"2024-11-24T10:41:34","guid":{"rendered":"http:\/\/hito.local\/?page_id=68"},"modified":"2025-12-16T11:23:53","modified_gmt":"2025-12-16T14:23:53","slug":"contato","status":"publish","type":"page","link":"http:\/\/hitosolutions.com\/en\/contato\/","title":{"rendered":"Contact"},"content":{"rendered":"\t\t<div data-elementor-type=\"wp-page\" data-elementor-id=\"68\" class=\"elementor elementor-68\" data-elementor-post-type=\"page\">\n\t\t\t\t<div class=\"elementor-element elementor-element-506454ba e-con-full e-flex e-con e-parent\" data-id=\"506454ba\" data-element_type=\"container\" data-e-type=\"container\" data-settings=\"{&quot;background_background&quot;:&quot;classic&quot;}\">\n\t\t<div class=\"elementor-element elementor-element-644c675a e-flex e-con-boxed e-con e-child\" data-id=\"644c675a\" data-element_type=\"container\" data-e-type=\"container\">\n\t\t\t\t\t<div class=\"e-con-inner\">\n\t\t<div class=\"elementor-element elementor-element-d9c6290 e-grid e-con-full e-con e-child\" data-id=\"d9c6290\" data-element_type=\"container\" data-e-type=\"container\">\n\t\t<div class=\"elementor-element elementor-element-ce4f771 e-grid e-con-full e-con e-child\" data-id=\"ce4f771\" data-element_type=\"container\" data-e-type=\"container\">\n\t\t\t\t<div class=\"elementor-element elementor-element-3eef978 elementor-invisible elementor-widget elementor-widget-heading\" data-id=\"3eef978\" data-element_type=\"widget\" data-e-type=\"widget\" data-settings=\"{&quot;_animation&quot;:&quot;fadeInDown&quot;}\" data-widget_type=\"heading.default\">\n\t\t\t\t<div class=\"elementor-widget-container\">\n\t\t\t\t\t<h1 class=\"elementor-heading-title elementor-size-default\">Estamos aqui para transformar os seus desafios em solu\u00e7\u00f5es.<\/h1>\t\t\t\t<\/div>\n\t\t\t\t<\/div>\n\t\t\t\t<div class=\"elementor-element elementor-element-838839d elementor-invisible elementor-widget elementor-widget-heading\" data-id=\"838839d\" data-element_type=\"widget\" data-e-type=\"widget\" data-settings=\"{&quot;_animation&quot;:&quot;fadeInUp&quot;}\" data-widget_type=\"heading.default\">\n\t\t\t\t<div class=\"elementor-widget-container\">\n\t\t\t\t\t<p class=\"elementor-heading-title elementor-size-default\">Entre em contacto connosco e descubra como podemos apoiar a sua empresa.<\/p>\t\t\t\t<\/div>\n\t\t\t\t<\/div>\n\t\t<div class=\"elementor-element elementor-element-e799699 e-grid e-con-full e-con e-child\" data-id=\"e799699\" data-element_type=\"container\" data-e-type=\"container\">\n\t\t<div class=\"elementor-element elementor-element-1468813 e-con-full elementor-hidden-desktop elementor-hidden-tablet elementor-hidden-mobile e-flex elementor-invisible e-con e-child\" data-id=\"1468813\" data-element_type=\"container\" data-e-type=\"container\" data-settings=\"{&quot;animation&quot;:&quot;fadeInLeft&quot;,&quot;animation_delay&quot;:100}\">\n\t\t\t\t<div class=\"elementor-element elementor-element-ae099bb elementor-widget elementor-widget-heading\" data-id=\"ae099bb\" data-element_type=\"widget\" data-e-type=\"widget\" data-widget_type=\"heading.default\">\n\t\t\t\t<div class=\"elementor-widget-container\">\n\t\t\t\t\t<p class=\"elementor-heading-title elementor-size-default\">Portugal<\/p>\t\t\t\t<\/div>\n\t\t\t\t<\/div>\n\t\t\t\t<div class=\"elementor-element elementor-element-1f12eb0 elementor-widget elementor-widget-heading\" data-id=\"1f12eb0\" data-element_type=\"widget\" data-e-type=\"widget\" data-widget_type=\"heading.default\">\n\t\t\t\t<div class=\"elementor-widget-container\">\n\t\t\t\t\t<p class=\"elementor-heading-title elementor-size-default\">Pedro Ribeirinha<\/p>\t\t\t\t<\/div>\n\t\t\t\t<\/div>\n\t\t<div class=\"elementor-element elementor-element-5cbb430 e-grid e-con-full e-con e-child\" data-id=\"5cbb430\" data-element_type=\"container\" data-e-type=\"container\">\n\t\t\t\t<div class=\"elementor-element elementor-element-b629ae6 elementor-view-default elementor-widget elementor-widget-icon\" data-id=\"b629ae6\" data-element_type=\"widget\" data-e-type=\"widget\" data-widget_type=\"icon.default\">\n\t\t\t\t<div class=\"elementor-widget-container\">\n\t\t\t\t\t\t\t<div class=\"elementor-icon-wrapper\">\n\t\t\t<div class=\"elementor-icon\">\n\t\t\t<svg xmlns=\"http:\/\/www.w3.org\/2000\/svg\" width=\"16\" height=\"14\" viewBox=\"0 0 16 14\" fill=\"none\"><path d=\"M1 3.1111C1 2.69854 1.16389 2.30288 1.45561 2.01115C1.74733 1.71943 2.143 1.55554 2.55556 1.55554H13.4444C13.857 1.55554 14.2527 1.71943 14.5444 2.01115C14.8361 2.30288 15 2.69854 15 3.1111M1 3.1111V10.8889C1 11.3014 1.16389 11.6971 1.45561 11.9888C1.74733 12.2805 2.143 12.4444 2.55556 12.4444H13.4444C13.857 12.4444 14.2527 12.2805 14.5444 11.9888C14.8361 11.6971 15 11.3014 15 10.8889V3.1111M1 3.1111L8 7.77776L15 3.1111\" stroke=\"#BED8DF\" stroke-width=\"2\" stroke-linecap=\"round\" stroke-linejoin=\"round\"><\/path><\/svg>\t\t\t<\/div>\n\t\t<\/div>\n\t\t\t\t\t\t<\/div>\n\t\t\t\t<\/div>\n\t\t\t\t<div class=\"elementor-element elementor-element-510000c elementor-widget elementor-widget-heading\" data-id=\"510000c\" data-element_type=\"widget\" data-e-type=\"widget\" data-widget_type=\"heading.default\">\n\t\t\t\t<div class=\"elementor-widget-container\">\n\t\t\t\t\t<p class=\"elementor-heading-title elementor-size-default\">pedro.ribeirinha@luzagroup.com<\/p>\t\t\t\t<\/div>\n\t\t\t\t<\/div>\n\t\t\t\t<\/div>\n\t\t\t\t<\/div>\n\t\t<div class=\"elementor-element elementor-element-447f74e e-con-full elementor-hidden-desktop elementor-hidden-tablet elementor-hidden-mobile e-flex elementor-invisible e-con e-child\" data-id=\"447f74e\" data-element_type=\"container\" data-e-type=\"container\" data-settings=\"{&quot;animation&quot;:&quot;fadeInLeft&quot;,&quot;animation_delay&quot;:200}\">\n\t\t\t\t<div class=\"elementor-element elementor-element-ea7b040 elementor-widget elementor-widget-heading\" data-id=\"ea7b040\" data-element_type=\"widget\" data-e-type=\"widget\" data-widget_type=\"heading.default\">\n\t\t\t\t<div class=\"elementor-widget-container\">\n\t\t\t\t\t<p class=\"elementor-heading-title elementor-size-default\">It\u00e1lia<\/p>\t\t\t\t<\/div>\n\t\t\t\t<\/div>\n\t\t\t\t<div class=\"elementor-element elementor-element-d83608e elementor-widget elementor-widget-heading\" data-id=\"d83608e\" data-element_type=\"widget\" data-e-type=\"widget\" data-widget_type=\"heading.default\">\n\t\t\t\t<div class=\"elementor-widget-container\">\n\t\t\t\t\t<p class=\"elementor-heading-title elementor-size-default\">Mil\u00e3o<\/p>\t\t\t\t<\/div>\n\t\t\t\t<\/div>\n\t\t<div class=\"elementor-element elementor-element-2c99d23 e-grid e-con-full e-con e-child\" data-id=\"2c99d23\" data-element_type=\"container\" data-e-type=\"container\">\n\t\t\t\t<div class=\"elementor-element elementor-element-4ec1517 elementor-view-default elementor-widget elementor-widget-icon\" data-id=\"4ec1517\" data-element_type=\"widget\" data-e-type=\"widget\" data-widget_type=\"icon.default\">\n\t\t\t\t<div class=\"elementor-widget-container\">\n\t\t\t\t\t\t\t<div class=\"elementor-icon-wrapper\">\n\t\t\t<div class=\"elementor-icon\">\n\t\t\t<svg xmlns=\"http:\/\/www.w3.org\/2000\/svg\" width=\"16\" height=\"14\" viewBox=\"0 0 16 14\" fill=\"none\"><path d=\"M1 3.1111C1 2.69854 1.16389 2.30288 1.45561 2.01115C1.74733 1.71943 2.143 1.55554 2.55556 1.55554H13.4444C13.857 1.55554 14.2527 1.71943 14.5444 2.01115C14.8361 2.30288 15 2.69854 15 3.1111M1 3.1111V10.8889C1 11.3014 1.16389 11.6971 1.45561 11.9888C1.74733 12.2805 2.143 12.4444 2.55556 12.4444H13.4444C13.857 12.4444 14.2527 12.2805 14.5444 11.9888C14.8361 11.6971 15 11.3014 15 10.8889V3.1111M1 3.1111L8 7.77776L15 3.1111\" stroke=\"#BED8DF\" stroke-width=\"2\" stroke-linecap=\"round\" stroke-linejoin=\"round\"><\/path><\/svg>\t\t\t<\/div>\n\t\t<\/div>\n\t\t\t\t\t\t<\/div>\n\t\t\t\t<\/div>\n\t\t\t\t<div class=\"elementor-element elementor-element-8773f3c elementor-widget elementor-widget-heading\" data-id=\"8773f3c\" data-element_type=\"widget\" data-e-type=\"widget\" data-widget_type=\"heading.default\">\n\t\t\t\t<div class=\"elementor-widget-container\">\n\t\t\t\t\t<p class=\"elementor-heading-title elementor-size-default\">joana.lopes@hitosolutions.com\n<\/p>\t\t\t\t<\/div>\n\t\t\t\t<\/div>\n\t\t\t\t<\/div>\n\t\t\t\t<\/div>\n\t\t<div class=\"elementor-element elementor-element-3584049 e-con-full elementor-hidden-desktop elementor-hidden-tablet elementor-hidden-mobile e-flex elementor-invisible e-con e-child\" data-id=\"3584049\" data-element_type=\"container\" data-e-type=\"container\" data-settings=\"{&quot;animation&quot;:&quot;fadeInLeft&quot;,&quot;animation_delay&quot;:300}\">\n\t\t\t\t<div class=\"elementor-element elementor-element-8a3ace8 elementor-widget elementor-widget-heading\" data-id=\"8a3ace8\" data-element_type=\"widget\" data-e-type=\"widget\" data-widget_type=\"heading.default\">\n\t\t\t\t<div class=\"elementor-widget-container\">\n\t\t\t\t\t<p class=\"elementor-heading-title elementor-size-default\">Espanha\n<\/p>\t\t\t\t<\/div>\n\t\t\t\t<\/div>\n\t\t\t\t<div class=\"elementor-element elementor-element-24ad273 elementor-widget elementor-widget-heading\" data-id=\"24ad273\" data-element_type=\"widget\" data-e-type=\"widget\" data-widget_type=\"heading.default\">\n\t\t\t\t<div class=\"elementor-widget-container\">\n\t\t\t\t\t<p class=\"elementor-heading-title elementor-size-default\">Madrid\n<\/p>\t\t\t\t<\/div>\n\t\t\t\t<\/div>\n\t\t<div class=\"elementor-element elementor-element-a120741 e-grid e-con-full e-con e-child\" data-id=\"a120741\" data-element_type=\"container\" data-e-type=\"container\">\n\t\t\t\t<div class=\"elementor-element elementor-element-caaf969 elementor-view-default elementor-widget elementor-widget-icon\" data-id=\"caaf969\" data-element_type=\"widget\" data-e-type=\"widget\" data-widget_type=\"icon.default\">\n\t\t\t\t<div class=\"elementor-widget-container\">\n\t\t\t\t\t\t\t<div class=\"elementor-icon-wrapper\">\n\t\t\t<div class=\"elementor-icon\">\n\t\t\t<svg xmlns=\"http:\/\/www.w3.org\/2000\/svg\" width=\"16\" height=\"14\" viewBox=\"0 0 16 14\" fill=\"none\"><path d=\"M1 3.1111C1 2.69854 1.16389 2.30288 1.45561 2.01115C1.74733 1.71943 2.143 1.55554 2.55556 1.55554H13.4444C13.857 1.55554 14.2527 1.71943 14.5444 2.01115C14.8361 2.30288 15 2.69854 15 3.1111M1 3.1111V10.8889C1 11.3014 1.16389 11.6971 1.45561 11.9888C1.74733 12.2805 2.143 12.4444 2.55556 12.4444H13.4444C13.857 12.4444 14.2527 12.2805 14.5444 11.9888C14.8361 11.6971 15 11.3014 15 10.8889V3.1111M1 3.1111L8 7.77776L15 3.1111\" stroke=\"#BED8DF\" stroke-width=\"2\" stroke-linecap=\"round\" stroke-linejoin=\"round\"><\/path><\/svg>\t\t\t<\/div>\n\t\t<\/div>\n\t\t\t\t\t\t<\/div>\n\t\t\t\t<\/div>\n\t\t\t\t<div class=\"elementor-element elementor-element-ee43750 elementor-widget elementor-widget-heading\" data-id=\"ee43750\" data-element_type=\"widget\" data-e-type=\"widget\" data-widget_type=\"heading.default\">\n\t\t\t\t<div class=\"elementor-widget-container\">\n\t\t\t\t\t<p class=\"elementor-heading-title elementor-size-default\">sandra.groizard@hitosolutions.com\n<\/p>\t\t\t\t<\/div>\n\t\t\t\t<\/div>\n\t\t\t\t<\/div>\n\t\t\t\t<\/div>\n\t\t\t\t<\/div>\n\t\t<div class=\"elementor-element elementor-element-801a869 e-grid e-con-full e-con e-child\" data-id=\"801a869\" data-element_type=\"container\" data-e-type=\"container\">\n\t\t<div class=\"elementor-element elementor-element-fe53931 e-con-full e-flex e-con e-child\" data-id=\"fe53931\" data-element_type=\"container\" data-e-type=\"container\" data-settings=\"{&quot;motion_fx_motion_fx_scrolling&quot;:&quot;yes&quot;,&quot;motion_fx_scale_effect&quot;:&quot;yes&quot;,&quot;motion_fx_scale_speed&quot;:{&quot;unit&quot;:&quot;px&quot;,&quot;size&quot;:1.25,&quot;sizes&quot;:[]},&quot;motion_fx_scale_direction&quot;:&quot;out-in&quot;,&quot;motion_fx_scale_range&quot;:{&quot;unit&quot;:&quot;%&quot;,&quot;size&quot;:&quot;&quot;,&quot;sizes&quot;:{&quot;start&quot;:20,&quot;end&quot;:80}},&quot;motion_fx_devices&quot;:[&quot;desktop&quot;,&quot;tablet&quot;,&quot;mobile&quot;]}\">\n\t\t\t\t<div class=\"elementor-element elementor-element-d00a155 elementor-invisible elementor-widget elementor-widget-heading\" data-id=\"d00a155\" data-element_type=\"widget\" data-e-type=\"widget\" data-settings=\"{&quot;_animation&quot;:&quot;slideInUp&quot;}\" data-widget_type=\"heading.default\">\n\t\t\t\t<div class=\"elementor-widget-container\">\n\t\t\t\t\t<h2 class=\"elementor-heading-title elementor-size-default\">10+<\/h2>\t\t\t\t<\/div>\n\t\t\t\t<\/div>\n\t\t\t\t<div class=\"elementor-element elementor-element-c729b9d elementor-widget elementor-widget-heading\" data-id=\"c729b9d\" data-element_type=\"widget\" data-e-type=\"widget\" data-widget_type=\"heading.default\">\n\t\t\t\t<div class=\"elementor-widget-container\">\n\t\t\t\t\t<p class=\"elementor-heading-title elementor-size-default\">pa\u00edses com candidatos colocados<\/p>\t\t\t\t<\/div>\n\t\t\t\t<\/div>\n\t\t\t\t<\/div>\n\t\t<div class=\"elementor-element elementor-element-73998cc e-con-full e-flex e-con e-child\" data-id=\"73998cc\" data-element_type=\"container\" data-e-type=\"container\" data-settings=\"{&quot;motion_fx_motion_fx_scrolling&quot;:&quot;yes&quot;,&quot;motion_fx_scale_effect&quot;:&quot;yes&quot;,&quot;motion_fx_scale_speed&quot;:{&quot;unit&quot;:&quot;px&quot;,&quot;size&quot;:1.5,&quot;sizes&quot;:[]},&quot;motion_fx_scale_direction&quot;:&quot;out-in&quot;,&quot;motion_fx_scale_range&quot;:{&quot;unit&quot;:&quot;%&quot;,&quot;size&quot;:&quot;&quot;,&quot;sizes&quot;:{&quot;start&quot;:20,&quot;end&quot;:80}},&quot;motion_fx_devices&quot;:[&quot;desktop&quot;,&quot;tablet&quot;,&quot;mobile&quot;]}\">\n\t\t\t\t<div class=\"elementor-element elementor-element-8a0fca7 elementor-invisible elementor-widget elementor-widget-heading\" data-id=\"8a0fca7\" data-element_type=\"widget\" data-e-type=\"widget\" data-settings=\"{&quot;_animation&quot;:&quot;slideInUp&quot;}\" data-widget_type=\"heading.default\">\n\t\t\t\t<div class=\"elementor-widget-container\">\n\t\t\t\t\t<h2 class=\"elementor-heading-title elementor-size-default\">100+<\/h2>\t\t\t\t<\/div>\n\t\t\t\t<\/div>\n\t\t\t\t<div class=\"elementor-element elementor-element-a0ab9ab elementor-widget elementor-widget-heading\" data-id=\"a0ab9ab\" data-element_type=\"widget\" data-e-type=\"widget\" data-widget_type=\"heading.default\">\n\t\t\t\t<div class=\"elementor-widget-container\">\n\t\t\t\t\t<p class=\"elementor-heading-title elementor-size-default\">clientes ativos<\/p>\t\t\t\t<\/div>\n\t\t\t\t<\/div>\n\t\t\t\t<\/div>\n\t\t<div class=\"elementor-element elementor-element-1c691e6 e-con-full e-flex e-con e-child\" data-id=\"1c691e6\" data-element_type=\"container\" data-e-type=\"container\" data-settings=\"{&quot;motion_fx_motion_fx_scrolling&quot;:&quot;yes&quot;,&quot;motion_fx_scale_effect&quot;:&quot;yes&quot;,&quot;motion_fx_scale_speed&quot;:{&quot;unit&quot;:&quot;px&quot;,&quot;size&quot;:1.25,&quot;sizes&quot;:[]},&quot;motion_fx_scale_direction&quot;:&quot;out-in&quot;,&quot;motion_fx_scale_range&quot;:{&quot;unit&quot;:&quot;%&quot;,&quot;size&quot;:&quot;&quot;,&quot;sizes&quot;:{&quot;start&quot;:20,&quot;end&quot;:80}},&quot;motion_fx_devices&quot;:[&quot;desktop&quot;,&quot;tablet&quot;,&quot;mobile&quot;]}\">\n\t\t\t\t<div class=\"elementor-element elementor-element-afb1ac2 elementor-invisible elementor-widget elementor-widget-heading\" data-id=\"afb1ac2\" data-element_type=\"widget\" data-e-type=\"widget\" data-settings=\"{&quot;_animation&quot;:&quot;slideInUp&quot;}\" data-widget_type=\"heading.default\">\n\t\t\t\t<div class=\"elementor-widget-container\">\n\t\t\t\t\t<h2 class=\"elementor-heading-title elementor-size-default\">80+<\/h2>\t\t\t\t<\/div>\n\t\t\t\t<\/div>\n\t\t\t\t<div class=\"elementor-element elementor-element-8889d07 elementor-widget elementor-widget-heading\" data-id=\"8889d07\" data-element_type=\"widget\" data-e-type=\"widget\" data-widget_type=\"heading.default\">\n\t\t\t\t<div class=\"elementor-widget-container\">\n\t\t\t\t\t<p class=\"elementor-heading-title elementor-size-default\"> vagas em aberto, em m\u00e9dia\n\n<\/p>\t\t\t\t<\/div>\n\t\t\t\t<\/div>\n\t\t\t\t<\/div>\n\t\t\t\t<\/div>\n\t\t\t\t<\/div>\n\t\t<div class=\"elementor-element elementor-element-f81cad1 e-grid e-con-full elementor-invisible e-con e-child\" data-id=\"f81cad1\" data-element_type=\"container\" data-e-type=\"container\" data-settings=\"{&quot;background_background&quot;:&quot;classic&quot;,&quot;animation&quot;:&quot;fadeInRight&quot;}\">\n\t\t<div class=\"elementor-element elementor-element-d758952 e-con-full e-flex e-con e-child\" data-id=\"d758952\" data-element_type=\"container\" data-e-type=\"container\">\n\t\t\t\t<div class=\"elementor-element elementor-element-ea89c03 elementor-widget elementor-widget-heading\" data-id=\"ea89c03\" data-element_type=\"widget\" data-e-type=\"widget\" data-widget_type=\"heading.default\">\n\t\t\t\t<div class=\"elementor-widget-container\">\n\t\t\t\t\t<p class=\"elementor-heading-title elementor-size-default\">Quer recrutar os melhores talentos ou encontrar a oportunidade ideal para si?<\/p>\t\t\t\t<\/div>\n\t\t\t\t<\/div>\n\t\t\t\t<div class=\"elementor-element elementor-element-d618ec2 elementor-widget elementor-widget-heading\" data-id=\"d618ec2\" data-element_type=\"widget\" data-e-type=\"widget\" data-widget_type=\"heading.default\">\n\t\t\t\t<div class=\"elementor-widget-container\">\n\t\t\t\t\t<p class=\"elementor-heading-title elementor-size-default\">Fale com a nossa equipa e d\u00ea o primeiro passo rumo ao sucesso.<\/p>\t\t\t\t<\/div>\n\t\t\t\t<\/div>\n\t\t\t\t<\/div>\n\t\t\t\t<div class=\"elementor-element elementor-element-4eeb5f7 elementor-widget elementor-widget-html\" data-id=\"4eeb5f7\" data-element_type=\"widget\" data-e-type=\"widget\" data-widget_type=\"html.default\">\n\t\t\t\t<div class=\"elementor-widget-container\">\n\t\t\t\t\t<div role=\"main\" id=\"formulario-lp-hito-d108eecdab392f3f883f\"><\/div><script type=\"text\/javascript\" src=\"https:\/\/d335luupugsy2.cloudfront.net\/js\/rdstation-forms\/stable\/rdstation-forms.min.js\"><\/script><script type=\"text\/javascript\"> new RDStationForms('formulario-lp-hito-d108eecdab392f3f883f', 'null').createForm();<\/script>\t\t\t\t<\/div>\n\t\t\t\t<\/div>\n\t\t\t\t<\/div>\n\t\t\t\t<\/div>\n\t\t\t\t\t<\/div>\n\t\t\t\t<\/div>\n\t\t\t\t<\/div>\n\t\t\t\t<\/div>\n\t\t","protected":false},"excerpt":{"rendered":"<p>Estamos aqui para transformar os seus desafios em solu\u00e7\u00f5es. Entre em contacto connosco e descubra como podemos apoiar a sua empresa. Portugal Pedro Ribeirinha pedro.ribeirinha@luzagroup.com It\u00e1lia Mil\u00e3o joana.lopes@hitosolutions.com Espanha Madrid sandra.groizard@hitosolutions.com 10+ pa\u00edses com candidatos colocados 100+ clientes ativos 80+ vagas em aberto, em m\u00e9dia Quer recrutar os melhores talentos ou encontrar a oportunidade ideal [&hellip;]<\/p>\n","protected":false},"author":1,"featured_media":0,"parent":0,"menu_order":0,"comment_status":"closed","ping_status":"closed","template":"","meta":{"footnotes":""},"class_list":["post-68","page","type-page","status-publish","hentry"],"aioseo_notices":[],"yoast_head":"<!-- This site is optimized with the Yoast SEO plugin v27.1.1 - https:\/\/yoast.com\/product\/yoast-seo-wordpress\/ -->\n<title>Contato - HITO<\/title>\n<meta name=\"robots\" content=\"index, follow, max-snippet:-1, max-image-preview:large, max-video-preview:-1\" \/>\n<link rel=\"canonical\" href=\"http:\/\/hitosolutions.com\/en\/contato\/\" \/>\n<meta property=\"og:locale\" content=\"en_US\" \/>\n<meta property=\"og:type\" content=\"article\" \/>\n<meta property=\"og:title\" content=\"Contato - HITO\" \/>\n<meta property=\"og:description\" content=\"Estamos aqui para transformar os seus desafios em solu\u00e7\u00f5es. Entre em contacto connosco e descubra como podemos apoiar a sua empresa. Portugal Pedro Ribeirinha pedro.ribeirinha@luzagroup.com It\u00e1lia Mil\u00e3o joana.lopes@hitosolutions.com Espanha Madrid sandra.groizard@hitosolutions.com 10+ pa\u00edses com candidatos colocados 100+ clientes ativos 80+ vagas em aberto, em m\u00e9dia Quer recrutar os melhores talentos ou encontrar a oportunidade ideal [&hellip;]\" \/>\n<meta property=\"og:url\" content=\"http:\/\/hitosolutions.com\/en\/contato\/\" \/>\n<meta property=\"og:site_name\" content=\"HITO\" \/>\n<meta property=\"article:modified_time\" content=\"2025-12-16T14:23:53+00:00\" \/>\n<meta property=\"og:image\" content=\"https:\/\/hitosolutions.com\/wp-content\/uploads\/2024\/11\/banner.png\" \/>\n\t<meta property=\"og:image:width\" content=\"1200\" \/>\n\t<meta property=\"og:image:height\" content=\"628\" \/>\n\t<meta property=\"og:image:type\" content=\"image\/png\" \/>\n<meta name=\"twitter:card\" content=\"summary_large_image\" \/>\n<meta name=\"twitter:label1\" content=\"Est. reading time\" \/>\n\t<meta name=\"twitter:data1\" content=\"1 minute\" \/>\n<script type=\"application\/ld+json\" class=\"yoast-schema-graph\">{\"@context\":\"https:\/\/schema.org\",\"@graph\":[{\"@type\":\"WebPage\",\"@id\":\"http:\/\/hitosolutions.com\/en\/contato\/\",\"url\":\"http:\/\/hitosolutions.com\/en\/contato\/\",\"name\":\"Contato - HITO\",\"isPartOf\":{\"@id\":\"http:\/\/hitosolutions.com\/en\/#website\"},\"datePublished\":\"2024-11-24T10:41:34+00:00\",\"dateModified\":\"2025-12-16T14:23:53+00:00\",\"breadcrumb\":{\"@id\":\"http:\/\/hitosolutions.com\/en\/contato\/#breadcrumb\"},\"inLanguage\":\"en-US\",\"potentialAction\":[{\"@type\":\"ReadAction\",\"target\":[\"http:\/\/hitosolutions.com\/en\/contato\/\"]}]},{\"@type\":\"BreadcrumbList\",\"@id\":\"http:\/\/hitosolutions.com\/en\/contato\/#breadcrumb\",\"itemListElement\":[{\"@type\":\"ListItem\",\"position\":1,\"name\":\"Home\",\"item\":\"http:\/\/hitosolutions.com\/en\/\"},{\"@type\":\"ListItem\",\"position\":2,\"name\":\"Contato\"}]},{\"@type\":\"WebSite\",\"@id\":\"http:\/\/hitosolutions.com\/en\/#website\",\"url\":\"http:\/\/hitosolutions.com\/en\/\",\"name\":\"Hito\",\"description\":\"Conectando pessoas certas aos desafios certos\",\"publisher\":{\"@id\":\"http:\/\/hitosolutions.com\/en\/#organization\"},\"potentialAction\":[{\"@type\":\"SearchAction\",\"target\":{\"@type\":\"EntryPoint\",\"urlTemplate\":\"http:\/\/hitosolutions.com\/en\/?s={search_term_string}\"},\"query-input\":{\"@type\":\"PropertyValueSpecification\",\"valueRequired\":true,\"valueName\":\"search_term_string\"}}],\"inLanguage\":\"en-US\"},{\"@type\":\"Organization\",\"@id\":\"http:\/\/hitosolutions.com\/en\/#organization\",\"name\":\"hito\",\"url\":\"http:\/\/hitosolutions.com\/en\/\",\"logo\":{\"@type\":\"ImageObject\",\"inLanguage\":\"en-US\",\"@id\":\"http:\/\/hitosolutions.com\/en\/#\/schema\/logo\/image\/\",\"url\":\"https:\/\/wordpress.wire.art.br\/hito\/wp-content\/uploads\/2024\/11\/Logo_VerdeNatura_Hito-1.png\",\"contentUrl\":\"https:\/\/wordpress.wire.art.br\/hito\/wp-content\/uploads\/2024\/11\/Logo_VerdeNatura_Hito-1.png\",\"width\":1155,\"height\":703,\"caption\":\"hito\"},\"image\":{\"@id\":\"http:\/\/hitosolutions.com\/en\/#\/schema\/logo\/image\/\"}}]}<\/script>\n<!-- \/ Yoast SEO plugin. -->","yoast_head_json":{"title":"Contato - HITO","robots":{"index":"index","follow":"follow","max-snippet":"max-snippet:-1","max-image-preview":"max-image-preview:large","max-video-preview":"max-video-preview:-1"},"canonical":"http:\/\/hitosolutions.com\/en\/contato\/","og_locale":"en_US","og_type":"article","og_title":"Contato - HITO","og_description":"Estamos aqui para transformar os seus desafios em solu\u00e7\u00f5es. Entre em contacto connosco e descubra como podemos apoiar a sua empresa. Portugal Pedro Ribeirinha pedro.ribeirinha@luzagroup.com It\u00e1lia Mil\u00e3o joana.lopes@hitosolutions.com Espanha Madrid sandra.groizard@hitosolutions.com 10+ pa\u00edses com candidatos colocados 100+ clientes ativos 80+ vagas em aberto, em m\u00e9dia Quer recrutar os melhores talentos ou encontrar a oportunidade ideal [&hellip;]","og_url":"http:\/\/hitosolutions.com\/en\/contato\/","og_site_name":"HITO","article_modified_time":"2025-12-16T14:23:53+00:00","og_image":[{"width":1200,"height":628,"url":"https:\/\/hitosolutions.com\/wp-content\/uploads\/2024\/11\/banner.png","type":"image\/png"}],"twitter_card":"summary_large_image","twitter_misc":{"Est. reading time":"1 minute"},"schema":{"@context":"https:\/\/schema.org","@graph":[{"@type":"WebPage","@id":"http:\/\/hitosolutions.com\/en\/contato\/","url":"http:\/\/hitosolutions.com\/en\/contato\/","name":"Contato - HITO","isPartOf":{"@id":"http:\/\/hitosolutions.com\/en\/#website"},"datePublished":"2024-11-24T10:41:34+00:00","dateModified":"2025-12-16T14:23:53+00:00","breadcrumb":{"@id":"http:\/\/hitosolutions.com\/en\/contato\/#breadcrumb"},"inLanguage":"en-US","potentialAction":[{"@type":"ReadAction","target":["http:\/\/hitosolutions.com\/en\/contato\/"]}]},{"@type":"BreadcrumbList","@id":"http:\/\/hitosolutions.com\/en\/contato\/#breadcrumb","itemListElement":[{"@type":"ListItem","position":1,"name":"Home","item":"http:\/\/hitosolutions.com\/en\/"},{"@type":"ListItem","position":2,"name":"Contato"}]},{"@type":"WebSite","@id":"http:\/\/hitosolutions.com\/en\/#website","url":"http:\/\/hitosolutions.com\/en\/","name":"Hito","description":"Connecting the right people to the right challenges","publisher":{"@id":"http:\/\/hitosolutions.com\/en\/#organization"},"potentialAction":[{"@type":"SearchAction","target":{"@type":"EntryPoint","urlTemplate":"http:\/\/hitosolutions.com\/en\/?s={search_term_string}"},"query-input":{"@type":"PropertyValueSpecification","valueRequired":true,"valueName":"search_term_string"}}],"inLanguage":"en-US"},{"@type":"Organization","@id":"http:\/\/hitosolutions.com\/en\/#organization","name":"hito","url":"http:\/\/hitosolutions.com\/en\/","logo":{"@type":"ImageObject","inLanguage":"en-US","@id":"http:\/\/hitosolutions.com\/en\/#\/schema\/logo\/image\/","url":"https:\/\/wordpress.wire.art.br\/hito\/wp-content\/uploads\/2024\/11\/Logo_VerdeNatura_Hito-1.png","contentUrl":"https:\/\/wordpress.wire.art.br\/hito\/wp-content\/uploads\/2024\/11\/Logo_VerdeNatura_Hito-1.png","width":1155,"height":703,"caption":"hito"},"image":{"@id":"http:\/\/hitosolutions.com\/en\/#\/schema\/logo\/image\/"}}]}},"_links":{"self":[{"href":"http:\/\/hitosolutions.com\/en\/wp-json\/wp\/v2\/pages\/68","targetHints":{"allow":["GET"]}}],"collection":[{"href":"http:\/\/hitosolutions.com\/en\/wp-json\/wp\/v2\/pages"}],"about":[{"href":"http:\/\/hitosolutions.com\/en\/wp-json\/wp\/v2\/types\/page"}],"author":[{"embeddable":true,"href":"http:\/\/hitosolutions.com\/en\/wp-json\/wp\/v2\/users\/1"}],"replies":[{"embeddable":true,"href":"http:\/\/hitosolutions.com\/en\/wp-json\/wp\/v2\/comments?post=68"}],"version-history":[{"count":171,"href":"http:\/\/hitosolutions.com\/en\/wp-json\/wp\/v2\/pages\/68\/revisions"}],"predecessor-version":[{"id":1789,"href":"http:\/\/hitosolutions.com\/en\/wp-json\/wp\/v2\/pages\/68\/revisions\/1789"}],"wp:attachment":[{"href":"http:\/\/hitosolutions.com\/en\/wp-json\/wp\/v2\/media?parent=68"}],"curies":[{"name":"wp","href":"https:\/\/api.w.org\/{rel}","templated":true}]}}