{"id":1092,"date":"2024-12-04T15:58:33","date_gmt":"2024-12-04T15:58:33","guid":{"rendered":"https:\/\/wordpress.wire.art.br\/hito\/?page_id=1092"},"modified":"2026-01-09T15:34:09","modified_gmt":"2026-01-09T18:34:09","slug":"carreiras","status":"publish","type":"page","link":"https:\/\/hitosolutions.com\/en\/carreiras\/","title":{"rendered":"Careers"},"content":{"rendered":"<div data-elementor-type=\"wp-page\" data-elementor-id=\"1092\" class=\"elementor elementor-1092\" data-elementor-post-type=\"page\">\n\t\t\t\t<div class=\"elementor-element elementor-element-fee93b3 e-flex e-con-boxed e-con e-parent\" data-id=\"fee93b3\" data-element_type=\"container\" data-e-type=\"container\" data-settings=\"{&quot;background_background&quot;:&quot;classic&quot;}\">\n\t\t\t\t\t<div class=\"e-con-inner\">\n\t\t<div class=\"elementor-element elementor-element-11cddeb e-grid e-con-full e-con e-child\" data-id=\"11cddeb\" data-element_type=\"container\" data-e-type=\"container\">\n\t\t<div class=\"elementor-element elementor-element-86342d1 e-con-full e-flex e-con e-child\" data-id=\"86342d1\" data-element_type=\"container\" data-e-type=\"container\">\n\t\t\t\t<div class=\"elementor-element elementor-element-caa69f9 elementor-widget elementor-widget-heading\" data-id=\"caa69f9\" data-element_type=\"widget\" data-e-type=\"widget\" data-widget_type=\"heading.default\">\n\t\t\t\t<div class=\"elementor-widget-container\">\n\t\t\t\t\t<h2 class=\"elementor-heading-title elementor-size-default\">We connect you to the best opportunities on the market<\/h2>\t\t\t\t<\/div>\n\t\t\t\t<\/div>\n\t\t\t\t<div class=\"elementor-element elementor-element-1be4434 elementor-widget elementor-widget-heading\" data-id=\"1be4434\" data-element_type=\"widget\" data-e-type=\"widget\" data-widget_type=\"heading.default\">\n\t\t\t\t<div class=\"elementor-widget-container\">\n\t\t\t\t\t<p class=\"elementor-heading-title elementor-size-default\">With strategic partnerships in Engineering, IT, Industry, Commercial, Finance, HR and Customer Service, HITO expands your career opportunities. <\/p>\t\t\t\t<\/div>\n\t\t\t\t<\/div>\n\t\t\t\t<div class=\"elementor-element elementor-element-884a4d7 elementor-widget elementor-widget-heading\" data-id=\"884a4d7\" data-element_type=\"widget\" data-e-type=\"widget\" data-widget_type=\"heading.default\">\n\t\t\t\t<div class=\"elementor-widget-container\">\n\t\t\t\t\t<p class=\"elementor-heading-title elementor-size-default\">We offer high-precision Recruitment &amp; Selection, Assessments that value your potential, humanized Outplacement programs and Strategic Consulting to develop skills.  <\/p>\t\t\t\t<\/div>\n\t\t\t\t<\/div>\n\t\t\t\t<div class=\"elementor-element elementor-element-67c2de6 elementor-widget elementor-widget-heading\" data-id=\"67c2de6\" data-element_type=\"widget\" data-e-type=\"widget\" data-widget_type=\"heading.default\">\n\t\t\t\t<div class=\"elementor-widget-container\">\n\t\t\t\t\t<p class=\"elementor-heading-title elementor-size-default\">We create the right connections between talents and opportunities, preparing professionals to grow in local and global markets. <\/p>\t\t\t\t<\/div>\n\t\t\t\t<\/div>\n\t\t\t\t<div class=\"elementor-element elementor-element-c877fe8 elementor-widget elementor-widget-button\" data-id=\"c877fe8\" data-element_type=\"widget\" data-e-type=\"widget\" data-widget_type=\"button.default\">\n\t\t\t\t<div class=\"elementor-widget-container\">\n\t\t\t\t\t\t\t\t\t<div class=\"elementor-button-wrapper\">\n\t\t\t\t\t<a class=\"elementor-button elementor-button-link elementor-size-sm elementor-animation-grow\" href=\"https:\/\/hitosolutions.com\/en\/contato\/\" target=\"_blank\">\n\t\t\t\t\t\t<span class=\"elementor-button-content-wrapper\">\n\t\t\t\t\t\t\t\t\t<span class=\"elementor-button-text\">SIMULATE YOUR VACANCY<\/span>\n\t\t\t\t\t<\/span>\n\t\t\t\t\t<\/a>\n\t\t\t\t<\/div>\n\t\t\t\t\t\t\t\t<\/div>\n\t\t\t\t<\/div>\n\t\t\t\t<\/div>\n\t\t\t\t<div class=\"elementor-element elementor-element-3f57e56 elementor-widget elementor-widget-image\" data-id=\"3f57e56\" data-element_type=\"widget\" data-e-type=\"widget\" data-widget_type=\"image.default\">\n\t\t\t\t<div class=\"elementor-widget-container\">\n\t\t\t\t\t\t\t\t\t\t\t\t\t\t\t<img fetchpriority=\"high\" decoding=\"async\" width=\"456\" height=\"456\" src=\"https:\/\/hitosolutions.com\/wp-content\/uploads\/2024\/12\/image-1.png\" class=\"attachment-large size-large wp-image-1103\" alt=\"\" srcset=\"https:\/\/hitosolutions.com\/wp-content\/uploads\/2024\/12\/image-1.png 456w, https:\/\/hitosolutions.com\/wp-content\/uploads\/2024\/12\/image-1-300x300.png 300w, https:\/\/hitosolutions.com\/wp-content\/uploads\/2024\/12\/image-1-150x150.png 150w, https:\/\/hitosolutions.com\/wp-content\/uploads\/2024\/12\/image-1-12x12.png 12w\" sizes=\"(max-width: 456px) 100vw, 456px\" \/>\t\t\t\t\t\t\t\t\t\t\t\t\t\t\t<\/div>\n\t\t\t\t<\/div>\n\t\t\t\t<\/div>\n\t\t\t\t\t<\/div>\n\t\t\t\t<\/div>\n\t\t<div class=\"elementor-element elementor-element-cbe3530 e-flex e-con-boxed e-con e-parent\" data-id=\"cbe3530\" data-element_type=\"container\" data-e-type=\"container\">\n\t\t\t\t\t<div class=\"e-con-inner\">\n\t\t\t\t<div class=\"elementor-element elementor-element-a98c570 elementor-view-default elementor-widget elementor-widget-icon\" data-id=\"a98c570\" data-element_type=\"widget\" data-e-type=\"widget\" data-widget_type=\"icon.default\">\n\t\t\t\t<div class=\"elementor-widget-container\">\n\t\t\t\t\t\t\t<div class=\"elementor-icon-wrapper\">\n\t\t\t<div class=\"elementor-icon\">\n\t\t\t<svg xmlns=\"http:\/\/www.w3.org\/2000\/svg\" width=\"96\" height=\"96\" viewbox=\"0 0 96 96\" fill=\"none\"><rect width=\"96\" height=\"96\" rx=\"48\" fill=\"#00A6D1\"><\/rect><path d=\"M64.6765 49.2831L48.0185 65.7812L31.3605 49.2831C30.2617 48.2139 29.3963 46.9288 28.8186 45.5087C28.2409 44.0886 27.9635 42.5643 28.0039 41.0317C28.0442 39.4991 28.4015 37.9915 29.0531 36.6038C29.7048 35.216 30.6367 33.9783 31.7902 32.9684C32.9437 31.9585 34.2939 31.1985 35.7556 30.736C37.2173 30.2736 38.7589 30.1188 40.2833 30.2814C41.8078 30.444 43.2821 30.9205 44.6133 31.6809C45.9446 32.4413 47.104 33.4691 48.0185 34.6996C48.937 33.478 50.0977 32.4592 51.4281 31.7069C52.7584 30.9546 54.2297 30.485 55.7499 30.3274C57.2701 30.1699 58.8064 30.3278 60.2628 30.7913C61.7191 31.2549 63.0641 32.014 64.2136 33.0212C65.363 34.0285 66.2922 35.2621 66.943 36.645C67.5937 38.0278 67.952 39.5301 67.9955 41.0578C68.039 42.5855 67.7666 44.1058 67.1955 45.5234C66.6244 46.941 65.7669 48.2255 64.6765 49.2964M48.0185 34.6862L40.7045 42.0002C40.2881 42.4167 40.0542 42.9816 40.0542 43.5705C40.0542 44.1595 40.2881 44.7243 40.7045 45.1408L41.9106 46.3469C43.4431 47.8794 45.9307 47.8794 47.4632 46.3469L49.6843 44.1258C51.0097 42.8004 52.8073 42.0558 54.6817 42.0558C56.5561 42.0558 58.3537 42.8004 59.6791 44.1258L64.6765 49.1232M49.129 55.7864L53.5712 60.2285M54.6817 50.2337L59.1239 54.6759\" stroke=\"#F0F6F8\" stroke-width=\"3\" stroke-linecap=\"round\" stroke-linejoin=\"round\"><\/path><\/svg>\t\t\t<\/div>\n\t\t<\/div>\n\t\t\t\t\t\t<\/div>\n\t\t\t\t<\/div>\n\t\t\t\t<div class=\"elementor-element elementor-element-bcc65c2 elementor-widget elementor-widget-heading\" data-id=\"bcc65c2\" data-element_type=\"widget\" data-e-type=\"widget\" data-widget_type=\"heading.default\">\n\t\t\t\t<div class=\"elementor-widget-container\">\n\t\t\t\t\t<h2 class=\"elementor-heading-title elementor-size-default\">Your next professional opportunity is here<\/h2>\t\t\t\t<\/div>\n\t\t\t\t<\/div>\n\t\t\t\t<div class=\"elementor-element elementor-element-b72ccc2 elementor-widget__width-initial elementor-widget-tablet__width-inherit elementor-widget elementor-widget-heading\" data-id=\"b72ccc2\" data-element_type=\"widget\" data-e-type=\"widget\" data-widget_type=\"heading.default\">\n\t\t\t\t<div class=\"elementor-widget-container\">\n\t\t\t\t\t<p class=\"elementor-heading-title elementor-size-default\">We value your talent and work to put you in the right place. Each vacancy is carefully selected to ensure that you find a career path aligned with your skills, goals and values. <\/p>\t\t\t\t<\/div>\n\t\t\t\t<\/div>\n\t\t\t\t<div class=\"elementor-element elementor-element-b1ecf72 elementor-widget elementor-widget-button\" data-id=\"b1ecf72\" data-element_type=\"widget\" data-e-type=\"widget\" data-widget_type=\"button.default\">\n\t\t\t\t<div class=\"elementor-widget-container\">\n\t\t\t\t\t<style>.elementor-element-b1ecf72{display:none !important}<\/style>\t\t\t\t<\/div>\n\t\t\t\t<\/div>\n\t\t\t\t<div class=\"elementor-element elementor-element-3067d8d elementor-widget elementor-widget-button\" data-id=\"3067d8d\" data-element_type=\"widget\" data-e-type=\"widget\" data-widget_type=\"button.default\">\n\t\t\t\t<div class=\"elementor-widget-container\">\n\t\t\t\t\t\t\t\t\t<div class=\"elementor-button-wrapper\">\n\t\t\t\t\t<a class=\"elementor-button elementor-button-link elementor-size-sm elementor-animation-grow\" href=\"https:\/\/luzagroup.zohorecruit.eu\/jobs\/Careers\" target=\"_blank\">\n\t\t\t\t\t\t<span class=\"elementor-button-content-wrapper\">\n\t\t\t\t\t\t\t\t\t<span class=\"elementor-button-text\">Access vacancies<\/span>\n\t\t\t\t\t<\/span>\n\t\t\t\t\t<\/a>\n\t\t\t\t<\/div>\n\t\t\t\t\t\t\t\t<\/div>\n\t\t\t\t<\/div>\n\t\t\t\t\t<\/div>\n\t\t\t\t<\/div>\n\t\t\t\t<\/div>","protected":false},"excerpt":{"rendered":"<p>Conectamos voc\u00ea \u00e0s melhores oportunidades do mercado Com parcerias estrat\u00e9gicas em Engenharia, TI, Ind\u00fastria, Comercial, Finan\u00e7as, RH e Customer Service, a HITO amplia suas oportunidades de carreira. Oferecemos Recrutamento &amp; Sele\u00e7\u00e3o de alta precis\u00e3o, Assessments que valorizam seu potencial, programas de Outplacement humanizados e Consultoria estrat\u00e9gica para desenvolver compet\u00eancias. Criamos conex\u00f5es certas entre talentos e [&hellip;]<\/p>\n","protected":false},"author":1,"featured_media":0,"parent":0,"menu_order":0,"comment_status":"closed","ping_status":"closed","template":"","meta":{"footnotes":""},"class_list":["post-1092","page","type-page","status-publish","hentry"],"aioseo_notices":[],"yoast_head":"<!-- This site is optimized with the Yoast SEO plugin v27.1.1 - https:\/\/yoast.com\/product\/yoast-seo-wordpress\/ -->\n<title>Carreiras - HITO<\/title>\n<meta name=\"robots\" content=\"index, follow, max-snippet:-1, max-image-preview:large, max-video-preview:-1\" \/>\n<link rel=\"canonical\" href=\"https:\/\/hitosolutions.com\/en\/carreiras\/\" \/>\n<meta property=\"og:locale\" content=\"en_US\" \/>\n<meta property=\"og:type\" content=\"article\" \/>\n<meta property=\"og:title\" content=\"Carreiras - HITO\" \/>\n<meta property=\"og:description\" content=\"Conectamos voc\u00ea \u00e0s melhores oportunidades do mercado Com parcerias estrat\u00e9gicas em Engenharia, TI, Ind\u00fastria, Comercial, Finan\u00e7as, RH e Customer Service, a HITO amplia suas oportunidades de carreira. Oferecemos Recrutamento &amp; Sele\u00e7\u00e3o de alta precis\u00e3o, Assessments que valorizam seu potencial, programas de Outplacement humanizados e Consultoria estrat\u00e9gica para desenvolver compet\u00eancias. Criamos conex\u00f5es certas entre talentos e [&hellip;]\" \/>\n<meta property=\"og:url\" content=\"https:\/\/hitosolutions.com\/en\/carreiras\/\" \/>\n<meta property=\"og:site_name\" content=\"HITO\" \/>\n<meta property=\"article:modified_time\" content=\"2026-01-09T18:34:09+00:00\" \/>\n<meta property=\"og:image\" content=\"https:\/\/hitosolutions.com\/wp-content\/uploads\/2024\/12\/image-1.png\" \/>\n<meta name=\"twitter:card\" content=\"summary_large_image\" \/>\n<meta name=\"twitter:label1\" content=\"Est. reading time\" \/>\n\t<meta name=\"twitter:data1\" content=\"1 minute\" \/>\n<script type=\"application\/ld+json\" class=\"yoast-schema-graph\">{\"@context\":\"https:\/\/schema.org\",\"@graph\":[{\"@type\":\"WebPage\",\"@id\":\"https:\/\/hitosolutions.com\/en\/carreiras\/\",\"url\":\"https:\/\/hitosolutions.com\/en\/carreiras\/\",\"name\":\"Carreiras - HITO\",\"isPartOf\":{\"@id\":\"https:\/\/hitosolutions.com\/en\/#website\"},\"primaryImageOfPage\":{\"@id\":\"https:\/\/hitosolutions.com\/en\/carreiras\/#primaryimage\"},\"image\":{\"@id\":\"https:\/\/hitosolutions.com\/en\/carreiras\/#primaryimage\"},\"thumbnailUrl\":\"https:\/\/hitosolutions.com\/wp-content\/uploads\/2024\/12\/image-1.png\",\"datePublished\":\"2024-12-04T15:58:33+00:00\",\"dateModified\":\"2026-01-09T18:34:09+00:00\",\"breadcrumb\":{\"@id\":\"https:\/\/hitosolutions.com\/en\/carreiras\/#breadcrumb\"},\"inLanguage\":\"en-US\",\"potentialAction\":[{\"@type\":\"ReadAction\",\"target\":[\"https:\/\/hitosolutions.com\/en\/carreiras\/\"]}]},{\"@type\":\"ImageObject\",\"inLanguage\":\"en-US\",\"@id\":\"https:\/\/hitosolutions.com\/en\/carreiras\/#primaryimage\",\"url\":\"https:\/\/hitosolutions.com\/wp-content\/uploads\/2024\/12\/image-1.png\",\"contentUrl\":\"https:\/\/hitosolutions.com\/wp-content\/uploads\/2024\/12\/image-1.png\"},{\"@type\":\"BreadcrumbList\",\"@id\":\"https:\/\/hitosolutions.com\/en\/carreiras\/#breadcrumb\",\"itemListElement\":[{\"@type\":\"ListItem\",\"position\":1,\"name\":\"Home\",\"item\":\"https:\/\/hitosolutions.com\/en\/\"},{\"@type\":\"ListItem\",\"position\":2,\"name\":\"Carreiras\"}]},{\"@type\":\"WebSite\",\"@id\":\"https:\/\/hitosolutions.com\/en\/#website\",\"url\":\"https:\/\/hitosolutions.com\/en\/\",\"name\":\"Hito\",\"description\":\"Conectando pessoas certas aos desafios certos\",\"publisher\":{\"@id\":\"https:\/\/hitosolutions.com\/en\/#organization\"},\"potentialAction\":[{\"@type\":\"SearchAction\",\"target\":{\"@type\":\"EntryPoint\",\"urlTemplate\":\"https:\/\/hitosolutions.com\/en\/?s={search_term_string}\"},\"query-input\":{\"@type\":\"PropertyValueSpecification\",\"valueRequired\":true,\"valueName\":\"search_term_string\"}}],\"inLanguage\":\"en-US\"},{\"@type\":\"Organization\",\"@id\":\"https:\/\/hitosolutions.com\/en\/#organization\",\"name\":\"hito\",\"url\":\"https:\/\/hitosolutions.com\/en\/\",\"logo\":{\"@type\":\"ImageObject\",\"inLanguage\":\"en-US\",\"@id\":\"https:\/\/hitosolutions.com\/en\/#\/schema\/logo\/image\/\",\"url\":\"https:\/\/wordpress.wire.art.br\/hito\/wp-content\/uploads\/2024\/11\/Logo_VerdeNatura_Hito-1.png\",\"contentUrl\":\"https:\/\/wordpress.wire.art.br\/hito\/wp-content\/uploads\/2024\/11\/Logo_VerdeNatura_Hito-1.png\",\"width\":1155,\"height\":703,\"caption\":\"hito\"},\"image\":{\"@id\":\"https:\/\/hitosolutions.com\/en\/#\/schema\/logo\/image\/\"}}]}<\/script>\n<!-- \/ Yoast SEO plugin. -->","yoast_head_json":{"title":"Careers - HITO","robots":{"index":"index","follow":"follow","max-snippet":"max-snippet:-1","max-image-preview":"max-image-preview:large","max-video-preview":"max-video-preview:-1"},"canonical":"https:\/\/hitosolutions.com\/en\/carreiras\/","og_locale":"en_US","og_type":"article","og_title":"Carreiras - HITO","og_description":"Conectamos voc\u00ea \u00e0s melhores oportunidades do mercado Com parcerias estrat\u00e9gicas em Engenharia, TI, Ind\u00fastria, Comercial, Finan\u00e7as, RH e Customer Service, a HITO amplia suas oportunidades de carreira. Oferecemos Recrutamento &amp; Sele\u00e7\u00e3o de alta precis\u00e3o, Assessments que valorizam seu potencial, programas de Outplacement humanizados e Consultoria estrat\u00e9gica para desenvolver compet\u00eancias. Criamos conex\u00f5es certas entre talentos e [&hellip;]","og_url":"https:\/\/hitosolutions.com\/en\/carreiras\/","og_site_name":"HITO","article_modified_time":"2026-01-09T18:34:09+00:00","og_image":[{"url":"https:\/\/hitosolutions.com\/wp-content\/uploads\/2024\/12\/image-1.png","type":"","width":"","height":""}],"twitter_card":"summary_large_image","twitter_misc":{"Est. reading time":"1 minute"},"schema":{"@context":"https:\/\/schema.org","@graph":[{"@type":"WebPage","@id":"https:\/\/hitosolutions.com\/en\/carreiras\/","url":"https:\/\/hitosolutions.com\/en\/carreiras\/","name":"Careers - HITO","isPartOf":{"@id":"https:\/\/hitosolutions.com\/en\/#website"},"primaryImageOfPage":{"@id":"https:\/\/hitosolutions.com\/en\/carreiras\/#primaryimage"},"image":{"@id":"https:\/\/hitosolutions.com\/en\/carreiras\/#primaryimage"},"thumbnailUrl":"https:\/\/hitosolutions.com\/wp-content\/uploads\/2024\/12\/image-1.png","datePublished":"2024-12-04T15:58:33+00:00","dateModified":"2026-01-09T18:34:09+00:00","breadcrumb":{"@id":"https:\/\/hitosolutions.com\/en\/carreiras\/#breadcrumb"},"inLanguage":"en-US","potentialAction":[{"@type":"ReadAction","target":["https:\/\/hitosolutions.com\/en\/carreiras\/"]}]},{"@type":"ImageObject","inLanguage":"en-US","@id":"https:\/\/hitosolutions.com\/en\/carreiras\/#primaryimage","url":"https:\/\/hitosolutions.com\/wp-content\/uploads\/2024\/12\/image-1.png","contentUrl":"https:\/\/hitosolutions.com\/wp-content\/uploads\/2024\/12\/image-1.png"},{"@type":"BreadcrumbList","@id":"https:\/\/hitosolutions.com\/en\/carreiras\/#breadcrumb","itemListElement":[{"@type":"ListItem","position":1,"name":"Home","item":"https:\/\/hitosolutions.com\/en\/"},{"@type":"ListItem","position":2,"name":"Carreiras"}]},{"@type":"WebSite","@id":"https:\/\/hitosolutions.com\/en\/#website","url":"https:\/\/hitosolutions.com\/en\/","name":"Hito","description":"Connecting the right people to the right challenges","publisher":{"@id":"https:\/\/hitosolutions.com\/en\/#organization"},"potentialAction":[{"@type":"SearchAction","target":{"@type":"EntryPoint","urlTemplate":"https:\/\/hitosolutions.com\/en\/?s={search_term_string}"},"query-input":{"@type":"PropertyValueSpecification","valueRequired":true,"valueName":"search_term_string"}}],"inLanguage":"en-US"},{"@type":"Organization","@id":"https:\/\/hitosolutions.com\/en\/#organization","name":"hito","url":"https:\/\/hitosolutions.com\/en\/","logo":{"@type":"ImageObject","inLanguage":"en-US","@id":"https:\/\/hitosolutions.com\/en\/#\/schema\/logo\/image\/","url":"https:\/\/wordpress.wire.art.br\/hito\/wp-content\/uploads\/2024\/11\/Logo_VerdeNatura_Hito-1.png","contentUrl":"https:\/\/wordpress.wire.art.br\/hito\/wp-content\/uploads\/2024\/11\/Logo_VerdeNatura_Hito-1.png","width":1155,"height":703,"caption":"hito"},"image":{"@id":"https:\/\/hitosolutions.com\/en\/#\/schema\/logo\/image\/"}}]}},"_links":{"self":[{"href":"https:\/\/hitosolutions.com\/en\/wp-json\/wp\/v2\/pages\/1092","targetHints":{"allow":["GET"]}}],"collection":[{"href":"https:\/\/hitosolutions.com\/en\/wp-json\/wp\/v2\/pages"}],"about":[{"href":"https:\/\/hitosolutions.com\/en\/wp-json\/wp\/v2\/types\/page"}],"author":[{"embeddable":true,"href":"https:\/\/hitosolutions.com\/en\/wp-json\/wp\/v2\/users\/1"}],"replies":[{"embeddable":true,"href":"https:\/\/hitosolutions.com\/en\/wp-json\/wp\/v2\/comments?post=1092"}],"version-history":[{"count":118,"href":"https:\/\/hitosolutions.com\/en\/wp-json\/wp\/v2\/pages\/1092\/revisions"}],"predecessor-version":[{"id":1987,"href":"https:\/\/hitosolutions.com\/en\/wp-json\/wp\/v2\/pages\/1092\/revisions\/1987"}],"wp:attachment":[{"href":"https:\/\/hitosolutions.com\/en\/wp-json\/wp\/v2\/media?parent=1092"}],"curies":[{"name":"wp","href":"https:\/\/api.w.org\/{rel}","templated":true}]}}